{"id":19105,"date":"2026-01-20T10:17:12","date_gmt":"2026-01-20T07:17:12","guid":{"rendered":"https:\/\/haircenterofturkey.com\/?page_id=19105"},"modified":"2026-01-20T10:23:49","modified_gmt":"2026-01-20T07:23:49","slug":"transfer","status":"publish","type":"page","link":"https:\/\/haircenterofturkey.com\/tr\/transfer\/","title":{"rendered":"Transfer"},"content":{"rendered":"<h2>VIP Transfer<\/h2>\n<p>\u015eirketimiz, misafirler i\u00e7in l\u00fcks, konforlu ve g\u00fcvenli VIP transfer hizmeti sa\u011flama konusunda uzmanla\u015fm\u0131\u015ft\u0131r.<\/p>\n<p><img loading=\"lazy\" decoding=\"async\" class=\"alignnone size-full wp-image-19126\" src=\"https:\/\/haircenterofturkey.com\/wp-content\/uploads\/2026\/01\/transfer-1.webp\" alt=\"\" width=\"1080\" height=\"1400\" title=\"\" srcset=\"https:\/\/haircenterofturkey.com\/wp-content\/uploads\/2026\/01\/transfer-1.webp 1080w, https:\/\/haircenterofturkey.com\/wp-content\/uploads\/2026\/01\/transfer-1-231x300.webp 231w, https:\/\/haircenterofturkey.com\/wp-content\/uploads\/2026\/01\/transfer-1-790x1024.webp 790w, https:\/\/haircenterofturkey.com\/wp-content\/uploads\/2026\/01\/transfer-1-768x996.webp 768w, https:\/\/haircenterofturkey.com\/wp-content\/uploads\/2026\/01\/transfer-1-116x150.webp 116w\" sizes=\"auto, (max-width: 1080px) 100vw, 1080px\" \/><\/p>\n<div class=\"fusion-title title fusion-title-2 fusion-sep-none fusion-title-center fusion-title-text fusion-title-size-two\">\n<h2 class=\"fusion-title-heading title-heading-center\">Hizmetlerimiz<\/h2>\n<\/div>\n<div class=\"fusion-text fusion-text-2 fusion-text-no-margin\">\n<div class=\"elementor-element elementor-element-8d099f0 elementor-widget elementor-widget-text-editor\" data-id=\"8d099f0\" data-element_type=\"widget\" data-widget_type=\"text-editor.default\">\n<div class=\"elementor-widget-container\">\n<p>Sizler i\u00e7in \u00f6zel olarak dekore edilmi\u015f VIP ara\u00e7lar\u0131m\u0131z ile sizlere havaalan\u0131 ve otel aras\u0131nda transfer hizmeti vermekteyiz. Grubunuzun b\u00fcy\u00fckl\u00fc\u011f\u00fc veya \u00f6zel ula\u015f\u0131m ihtiya\u00e7lar\u0131n\u0131z ne olursa olsun, sizin i\u00e7in bir \u00e7\u00f6z\u00fcm\u00fcm\u00fcz var.<\/p>\n<\/div>\n<\/div>\n<div class=\"elementor-element elementor-element-30409eff elementor-widget elementor-widget-image elementor-motion-effects-parent\" data-id=\"30409eff\" data-element_type=\"widget\" data-settings=\"\" data-widget_type=\"image.default\">\n<div class=\"elementor-element elementor-element-1b8ecab elementor-widget elementor-widget-text-editor\" data-id=\"1b8ecab\" data-element_type=\"widget\" data-widget_type=\"text-editor.default\">\n<div class=\"elementor-widget-container\">\n<p>S\u00fcr\u00fcc\u00fclerimizin hepsi profesyonel ve tam e\u011fitimli olup g\u00fcvenlik ve m\u00fc\u015fteri hizmetlerine odaklan\u0131rlar. Onlar s\u00fcr\u00fc\u015f\u00fc idare ederken siz arkan\u0131za yaslan\u0131p rahatlayabilir, sorunsuz ve stressiz bir s\u00fcr\u00fc\u015f sa\u011flayabilirsiniz.<\/p>\n\n\t\t<style type=\"text\/css\">\n\t\t\t#gallery-1 {\n\t\t\t\tmargin: auto;\n\t\t\t}\n\t\t\t#gallery-1 .gallery-item {\n\t\t\t\tfloat: left;\n\t\t\t\tmargin-top: 10px;\n\t\t\t\ttext-align: center;\n\t\t\t\twidth: 50%;\n\t\t\t}\n\t\t\t#gallery-1 img {\n\t\t\t\tborder: 2px solid #cfcfcf;\n\t\t\t}\n\t\t\t#gallery-1 .gallery-caption {\n\t\t\t\tmargin-left: 0;\n\t\t\t}\n\t\t\t\/* see gallery_shortcode() in wp-includes\/media.php *\/\n\t\t<\/style>\n\t\t<div id='gallery-1' class='gallery galleryid-19105 gallery-columns-2 gallery-size-large'><dl class='gallery-item'>\n\t\t\t<dt class='gallery-icon landscape'>\n\t\t\t\t<a href='https:\/\/haircenterofturkey.com\/tr\/transfer\/transfer_1\/'><img loading=\"lazy\" decoding=\"async\" width=\"1024\" height=\"1024\" src=\"https:\/\/haircenterofturkey.com\/wp-content\/uploads\/2026\/01\/transfer_1-1024x1024.webp\" class=\"attachment-large size-large\" alt=\"\" srcset=\"https:\/\/haircenterofturkey.com\/wp-content\/uploads\/2026\/01\/transfer_1-1024x1024.webp 1024w, https:\/\/haircenterofturkey.com\/wp-content\/uploads\/2026\/01\/transfer_1-300x300.webp 300w, https:\/\/haircenterofturkey.com\/wp-content\/uploads\/2026\/01\/transfer_1-150x150.webp 150w, https:\/\/haircenterofturkey.com\/wp-content\/uploads\/2026\/01\/transfer_1-768x768.webp 768w, https:\/\/haircenterofturkey.com\/wp-content\/uploads\/2026\/01\/transfer_1-600x600.webp 600w, https:\/\/haircenterofturkey.com\/wp-content\/uploads\/2026\/01\/transfer_1-248x248.webp 248w, https:\/\/haircenterofturkey.com\/wp-content\/uploads\/2026\/01\/transfer_1.webp 1080w\" sizes=\"auto, (max-width: 1024px) 100vw, 1024px\" title=\"\"><\/a>\n\t\t\t<\/dt><\/dl><dl class='gallery-item'>\n\t\t\t<dt class='gallery-icon landscape'>\n\t\t\t\t<a href='https:\/\/haircenterofturkey.com\/tr\/transfer\/transfer_2-1\/'><img loading=\"lazy\" decoding=\"async\" width=\"1024\" height=\"1024\" src=\"https:\/\/haircenterofturkey.com\/wp-content\/uploads\/2026\/01\/transfer_2-1-1024x1024.webp\" class=\"attachment-large size-large\" alt=\"\" srcset=\"https:\/\/haircenterofturkey.com\/wp-content\/uploads\/2026\/01\/transfer_2-1-1024x1024.webp 1024w, https:\/\/haircenterofturkey.com\/wp-content\/uploads\/2026\/01\/transfer_2-1-300x300.webp 300w, https:\/\/haircenterofturkey.com\/wp-content\/uploads\/2026\/01\/transfer_2-1-150x150.webp 150w, https:\/\/haircenterofturkey.com\/wp-content\/uploads\/2026\/01\/transfer_2-1-768x768.webp 768w, https:\/\/haircenterofturkey.com\/wp-content\/uploads\/2026\/01\/transfer_2-1-600x600.webp 600w, https:\/\/haircenterofturkey.com\/wp-content\/uploads\/2026\/01\/transfer_2-1-248x248.webp 248w, https:\/\/haircenterofturkey.com\/wp-content\/uploads\/2026\/01\/transfer_2-1.webp 1080w\" sizes=\"auto, (max-width: 1024px) 100vw, 1024px\" title=\"\"><\/a>\n\t\t\t<\/dt><\/dl><br style=\"clear: both\" \/>\n\t\t<\/div>\n\n<\/div>\n<\/div>\n<\/div>\n<\/div>\n","protected":false},"excerpt":{"rendered":"<p>VIP Transfer \u015eirketimiz, misafirler i\u00e7in l\u00fcks, konforlu ve g\u00fcvenli VIP transfer hizmeti sa\u011flama konusunda uzmanla\u015fm\u0131\u015ft\u0131r. Hizmetlerimiz Sizler i\u00e7in \u00f6zel olarak dekore edilmi\u015f VIP ara\u00e7lar\u0131m\u0131z ile sizlere havaalan\u0131 ve otel aras\u0131nda transfer hizmeti vermekteyiz. Grubunuzun b\u00fcy\u00fckl\u00fc\u011f\u00fc veya \u00f6zel ula\u015f\u0131m ihtiya\u00e7lar\u0131n\u0131z ne olursa olsun, sizin i\u00e7in bir \u00e7\u00f6z\u00fcm\u00fcm\u00fcz var. S\u00fcr\u00fcc\u00fclerimizin hepsi profesyonel ve tam e\u011fitimli olup g\u00fcvenlik [&hellip;]<\/p>\n","protected":false},"author":3,"featured_media":0,"parent":0,"menu_order":0,"comment_status":"closed","ping_status":"closed","template":"","meta":{"footnotes":""},"class_list":["post-19105","page","type-page","status-publish","hentry"],"_links":{"self":[{"href":"https:\/\/haircenterofturkey.com\/tr\/wp-json\/wp\/v2\/pages\/19105","targetHints":{"allow":["GET"]}}],"collection":[{"href":"https:\/\/haircenterofturkey.com\/tr\/wp-json\/wp\/v2\/pages"}],"about":[{"href":"https:\/\/haircenterofturkey.com\/tr\/wp-json\/wp\/v2\/types\/page"}],"author":[{"embeddable":true,"href":"https:\/\/haircenterofturkey.com\/tr\/wp-json\/wp\/v2\/users\/3"}],"replies":[{"embeddable":true,"href":"https:\/\/haircenterofturkey.com\/tr\/wp-json\/wp\/v2\/comments?post=19105"}],"version-history":[{"count":3,"href":"https:\/\/haircenterofturkey.com\/tr\/wp-json\/wp\/v2\/pages\/19105\/revisions"}],"predecessor-version":[{"id":19130,"href":"https:\/\/haircenterofturkey.com\/tr\/wp-json\/wp\/v2\/pages\/19105\/revisions\/19130"}],"wp:attachment":[{"href":"https:\/\/haircenterofturkey.com\/tr\/wp-json\/wp\/v2\/media?parent=19105"}],"curies":[{"name":"wp","href":"https:\/\/api.w.org\/{rel}","templated":true}]}}