{"id":19102,"date":"2026-01-20T10:17:04","date_gmt":"2026-01-20T07:17:04","guid":{"rendered":"https:\/\/haircenterofturkey.com\/?page_id=19102"},"modified":"2026-01-27T11:55:52","modified_gmt":"2026-01-27T08:55:52","slug":"otel-konaklama","status":"publish","type":"page","link":"https:\/\/haircenterofturkey.com\/tr\/otel-konaklama\/","title":{"rendered":"Otel &#038; Konaklama"},"content":{"rendered":"<div class=\"fusion-title title fusion-title-1 fusion-sep-none fusion-title-text fusion-title-size-one\"><\/div>\n<div class=\"fusion-text fusion-text-1 fusion-text-no-margin\">\n<section class=\"elementor-section elementor-top-section elementor-element elementor-element-1f80ff7f elementor-section-full_width elementor-section-height-min-height elementor-section-items-stretch elementor-section-height-default\" data-id=\"1f80ff7f\" data-element_type=\"section\" data-settings=\"\">\n<div class=\"elementor-container elementor-column-gap-no\">\n<div class=\"elementor-column elementor-col-100 elementor-top-column elementor-element elementor-element-580a02c8\" data-id=\"580a02c8\" data-element_type=\"column\">\n<div class=\"elementor-widget-wrap elementor-element-populated\">\n<div class=\"elementor-element elementor-element-2fceab29 elementor-widget__width-initial elementor-widget elementor-widget-text-editor\" data-id=\"2fceab29\" data-element_type=\"widget\" data-widget_type=\"text-editor.default\">\n<div class=\"elementor-widget-container\">\n<div class=\"elementor-element elementor-element-14e56d84 elementor-widget elementor-widget-text-editor\" data-id=\"14e56d84\" data-element_type=\"widget\" data-widget_type=\"text-editor.default\">\n<div class=\"elementor-widget-container\">\n<h2>Otel &amp; Konaklama<\/h2>\n<div>\u015eirketimiz, misafirler i\u00e7in l\u00fcks, 5 y\u0131ld\u0131zl\u0131 konaklama sa\u011flama konusunda uzmanla\u015fm\u0131\u015ft\u0131r.<\/div>\n<div><img loading=\"lazy\" decoding=\"async\" class=\"alignnone size-full wp-image-19134\" src=\"https:\/\/haircenterofturkey.com\/wp-content\/uploads\/2026\/01\/hotel.webp\" alt=\"\" width=\"1080\" height=\"1400\" title=\"\" srcset=\"https:\/\/haircenterofturkey.com\/wp-content\/uploads\/2026\/01\/hotel.webp 1080w, https:\/\/haircenterofturkey.com\/wp-content\/uploads\/2026\/01\/hotel-231x300.webp 231w, https:\/\/haircenterofturkey.com\/wp-content\/uploads\/2026\/01\/hotel-790x1024.webp 790w, https:\/\/haircenterofturkey.com\/wp-content\/uploads\/2026\/01\/hotel-768x996.webp 768w, https:\/\/haircenterofturkey.com\/wp-content\/uploads\/2026\/01\/hotel-116x150.webp 116w\" sizes=\"auto, (max-width: 1080px) 100vw, 1080px\" \/><\/div>\n<h2>Hizmetlerimiz<\/h2>\n<p>\u015eirketimiz, misafirlerimiz i\u00e7in l\u00fcks, 5 y\u0131ld\u0131zl\u0131 konaklama sa\u011flama konusunda uzmanla\u015fm\u0131\u015ft\u0131r. Konuk odalar\u0131m\u0131z geni\u015f ve zarif bir \u015fekilde dekore edilmi\u015f olup konforlu yataklar ve d\u00fcz ekran TV\u2019ler gibi en kaliteli olanaklara sahiptir.<\/p>\n<p>Ayr\u0131ca tesis b\u00fcnyesinde yemek, fitness merkezi ve spa gibi \u00e7e\u015fitli olanaklar da sunulmaktad\u0131r. Konsiyerj ekibimiz konaklaman\u0131z\u0131 planlaman\u0131za ve yerel etkinlikler i\u00e7in rezervasyon yapman\u0131za yard\u0131mc\u0131 olmaya haz\u0131rd\u0131r. Bizimle rezervasyon yaparak konaklama birimimizin konforunu ve l\u00fcks\u00fcn\u00fc ya\u015fay\u0131n.<\/p>\n\n\t\t<style type=\"text\/css\">\n\t\t\t#gallery-1 {\n\t\t\t\tmargin: auto;\n\t\t\t}\n\t\t\t#gallery-1 .gallery-item {\n\t\t\t\tfloat: left;\n\t\t\t\tmargin-top: 10px;\n\t\t\t\ttext-align: center;\n\t\t\t\twidth: 50%;\n\t\t\t}\n\t\t\t#gallery-1 img {\n\t\t\t\tborder: 2px solid #cfcfcf;\n\t\t\t}\n\t\t\t#gallery-1 .gallery-caption {\n\t\t\t\tmargin-left: 0;\n\t\t\t}\n\t\t\t\/* see gallery_shortcode() in wp-includes\/media.php *\/\n\t\t<\/style>\n\t\t<div id='gallery-1' class='gallery galleryid-19102 gallery-columns-2 gallery-size-large'><dl class='gallery-item'>\n\t\t\t<dt class='gallery-icon landscape'>\n\t\t\t\t<a href='https:\/\/haircenterofturkey.com\/tr\/otel-konaklama\/hotel-loby\/'><img loading=\"lazy\" decoding=\"async\" width=\"1024\" height=\"1024\" src=\"https:\/\/haircenterofturkey.com\/wp-content\/uploads\/2026\/01\/hotel-loby-1024x1024.webp\" class=\"attachment-large size-large\" alt=\"\" srcset=\"https:\/\/haircenterofturkey.com\/wp-content\/uploads\/2026\/01\/hotel-loby-1024x1024.webp 1024w, https:\/\/haircenterofturkey.com\/wp-content\/uploads\/2026\/01\/hotel-loby-300x300.webp 300w, https:\/\/haircenterofturkey.com\/wp-content\/uploads\/2026\/01\/hotel-loby-150x150.webp 150w, https:\/\/haircenterofturkey.com\/wp-content\/uploads\/2026\/01\/hotel-loby-768x768.webp 768w, https:\/\/haircenterofturkey.com\/wp-content\/uploads\/2026\/01\/hotel-loby-600x600.webp 600w, https:\/\/haircenterofturkey.com\/wp-content\/uploads\/2026\/01\/hotel-loby-248x248.webp 248w, https:\/\/haircenterofturkey.com\/wp-content\/uploads\/2026\/01\/hotel-loby.webp 1080w\" sizes=\"auto, (max-width: 1024px) 100vw, 1024px\" title=\"\"><\/a>\n\t\t\t<\/dt><\/dl><dl class='gallery-item'>\n\t\t\t<dt class='gallery-icon landscape'>\n\t\t\t\t<a href='https:\/\/haircenterofturkey.com\/tr\/otel-konaklama\/hotel-room\/'><img loading=\"lazy\" decoding=\"async\" width=\"1024\" height=\"1024\" src=\"https:\/\/haircenterofturkey.com\/wp-content\/uploads\/2026\/01\/hotel-room-1024x1024.webp\" class=\"attachment-large size-large\" alt=\"\" srcset=\"https:\/\/haircenterofturkey.com\/wp-content\/uploads\/2026\/01\/hotel-room-1024x1024.webp 1024w, https:\/\/haircenterofturkey.com\/wp-content\/uploads\/2026\/01\/hotel-room-300x300.webp 300w, https:\/\/haircenterofturkey.com\/wp-content\/uploads\/2026\/01\/hotel-room-150x150.webp 150w, https:\/\/haircenterofturkey.com\/wp-content\/uploads\/2026\/01\/hotel-room-768x768.webp 768w, https:\/\/haircenterofturkey.com\/wp-content\/uploads\/2026\/01\/hotel-room-600x600.webp 600w, https:\/\/haircenterofturkey.com\/wp-content\/uploads\/2026\/01\/hotel-room-248x248.webp 248w, https:\/\/haircenterofturkey.com\/wp-content\/uploads\/2026\/01\/hotel-room.webp 1080w\" sizes=\"auto, (max-width: 1024px) 100vw, 1024px\" title=\"\"><\/a>\n\t\t\t<\/dt><\/dl><br style=\"clear: both\" \/>\n\t\t<\/div>\n\n<\/div>\n<\/div>\n<\/div>\n<\/div>\n<\/div>\n<\/div>\n<\/div>\n<\/section>\n<\/div>\n","protected":false},"excerpt":{"rendered":"<p>Otel &amp; Konaklama \u015eirketimiz, misafirler i\u00e7in l\u00fcks, 5 y\u0131ld\u0131zl\u0131 konaklama sa\u011flama konusunda uzmanla\u015fm\u0131\u015ft\u0131r. Hizmetlerimiz \u015eirketimiz, misafirlerimiz i\u00e7in l\u00fcks, 5 y\u0131ld\u0131zl\u0131 konaklama sa\u011flama konusunda uzmanla\u015fm\u0131\u015ft\u0131r. Konuk odalar\u0131m\u0131z geni\u015f ve zarif bir \u015fekilde dekore edilmi\u015f olup konforlu yataklar ve d\u00fcz ekran TV\u2019ler gibi en kaliteli olanaklara sahiptir. Ayr\u0131ca tesis b\u00fcnyesinde yemek, fitness merkezi ve spa gibi \u00e7e\u015fitli [&hellip;]<\/p>\n","protected":false},"author":3,"featured_media":0,"parent":0,"menu_order":0,"comment_status":"closed","ping_status":"closed","template":"","meta":{"footnotes":""},"class_list":["post-19102","page","type-page","status-publish","hentry"],"_links":{"self":[{"href":"https:\/\/haircenterofturkey.com\/tr\/wp-json\/wp\/v2\/pages\/19102","targetHints":{"allow":["GET"]}}],"collection":[{"href":"https:\/\/haircenterofturkey.com\/tr\/wp-json\/wp\/v2\/pages"}],"about":[{"href":"https:\/\/haircenterofturkey.com\/tr\/wp-json\/wp\/v2\/types\/page"}],"author":[{"embeddable":true,"href":"https:\/\/haircenterofturkey.com\/tr\/wp-json\/wp\/v2\/users\/3"}],"replies":[{"embeddable":true,"href":"https:\/\/haircenterofturkey.com\/tr\/wp-json\/wp\/v2\/comments?post=19102"}],"version-history":[{"count":3,"href":"https:\/\/haircenterofturkey.com\/tr\/wp-json\/wp\/v2\/pages\/19102\/revisions"}],"predecessor-version":[{"id":19137,"href":"https:\/\/haircenterofturkey.com\/tr\/wp-json\/wp\/v2\/pages\/19102\/revisions\/19137"}],"wp:attachment":[{"href":"https:\/\/haircenterofturkey.com\/tr\/wp-json\/wp\/v2\/media?parent=19102"}],"curies":[{"name":"wp","href":"https:\/\/api.w.org\/{rel}","templated":true}]}}