{"id":19220,"date":"2026-01-20T10:17:12","date_gmt":"2026-01-20T07:17:12","guid":{"rendered":"https:\/\/haircenterofturkey.com\/transfert\/"},"modified":"2026-01-20T10:17:12","modified_gmt":"2026-01-20T07:17:12","slug":"transfert","status":"publish","type":"page","link":"https:\/\/haircenterofturkey.com\/fr\/transfert\/","title":{"rendered":"Transfert"},"content":{"rendered":"<h2>Transfert VIP<\/h2>\n<p>Notre soci\u00e9t\u00e9 est sp\u00e9cialis\u00e9e dans la fourniture de services de transfert VIP luxueux, confortables et s\u00e9curis\u00e9s pour vos invit\u00e9s.<\/p>\n<p><img loading=\"lazy\" decoding=\"async\" class=\"alignnone size-full wp-image-19126\" src=\"https:\/\/haircenterofturkey.com\/wp-content\/uploads\/2026\/01\/transfer-1.webp\" alt=\"\" width=\"1080\" height=\"1400\" title=\"\" srcset=\"https:\/\/haircenterofturkey.com\/wp-content\/uploads\/2026\/01\/transfer-1.webp 1080w, https:\/\/haircenterofturkey.com\/wp-content\/uploads\/2026\/01\/transfer-1-231x300.webp 231w, https:\/\/haircenterofturkey.com\/wp-content\/uploads\/2026\/01\/transfer-1-790x1024.webp 790w, https:\/\/haircenterofturkey.com\/wp-content\/uploads\/2026\/01\/transfer-1-768x996.webp 768w, https:\/\/haircenterofturkey.com\/wp-content\/uploads\/2026\/01\/transfer-1-116x150.webp 116w\" sizes=\"auto, (max-width: 1080px) 100vw, 1080px\" \/><\/p>\n<div class=\"fusion-title title fusion-title-2 fusion-sep-none fusion-title-center fusion-title-text fusion-title-size-two\">\n<h2 class=\"fusion-title-heading title-heading-center\">Nos services<\/h2>\n<\/div>\n<div class=\"fusion-text fusion-text-2 fusion-text-no-margin\">\n<div class=\"elementor-element elementor-element-8d099f0 elementor-widget elementor-widget-text-editor\" data-id=\"8d099f0\" data-element_type=\"widget\" data-widget_type=\"text-editor.default\">\n<div class=\"elementor-widget-container\">\n<p>Nous vous proposons un service de transfert entre l&rsquo;a\u00e9roport et l&rsquo;h\u00f4tel \u00e0 bord de nos v\u00e9hicules VIP sp\u00e9cialement d\u00e9cor\u00e9s pour vous. Quelle que soit la taille de votre groupe ou vos besoins sp\u00e9cifiques en mati\u00e8re de transport, nous avons une solution pour vous.<\/p>\n<p>Nos chauffeurs sont tous professionnels et parfaitement form\u00e9s, et se concentrent sur la s\u00e9curit\u00e9 et le service \u00e0 la client\u00e8le. Pendant qu&rsquo;ils conduisent, vous pouvez vous d\u00e9tendre et profiter d&rsquo;un trajet sans encombre et sans stress.<\/p>\n<\/div>\n<\/div>\n<div class=\"elementor-element elementor-element-30409eff elementor-widget elementor-widget-image elementor-motion-effects-parent\" data-id=\"30409eff\" data-element_type=\"widget\" data-settings=\"\" data-widget_type=\"image.default\">\n<div class=\"elementor-element elementor-element-1b8ecab elementor-widget elementor-widget-text-editor\" data-id=\"1b8ecab\" data-element_type=\"widget\" data-widget_type=\"text-editor.default\">\n<div class=\"elementor-widget-container\">\n\n\t\t<style type=\"text\/css\">\n\t\t\t#gallery-1 {\n\t\t\t\tmargin: auto;\n\t\t\t}\n\t\t\t#gallery-1 .gallery-item {\n\t\t\t\tfloat: left;\n\t\t\t\tmargin-top: 10px;\n\t\t\t\ttext-align: center;\n\t\t\t\twidth: 50%;\n\t\t\t}\n\t\t\t#gallery-1 img {\n\t\t\t\tborder: 2px solid #cfcfcf;\n\t\t\t}\n\t\t\t#gallery-1 .gallery-caption {\n\t\t\t\tmargin-left: 0;\n\t\t\t}\n\t\t\t\/* see gallery_shortcode() in wp-includes\/media.php *\/\n\t\t<\/style>\n\t\t<div id='gallery-1' class='gallery galleryid-19220 gallery-columns-2 gallery-size-large'><dl class='gallery-item'>\n\t\t\t<dt class='gallery-icon landscape'>\n\t\t\t\t<a href='https:\/\/haircenterofturkey.com\/fr\/transfert\/transfer_1-2\/'><img loading=\"lazy\" decoding=\"async\" width=\"1024\" height=\"1024\" src=\"https:\/\/haircenterofturkey.com\/wp-content\/uploads\/2026\/01\/transfer_1-1024x1024.webp\" class=\"attachment-large size-large\" alt=\"\" srcset=\"https:\/\/haircenterofturkey.com\/wp-content\/uploads\/2026\/01\/transfer_1-1024x1024.webp 1024w, https:\/\/haircenterofturkey.com\/wp-content\/uploads\/2026\/01\/transfer_1-300x300.webp 300w, https:\/\/haircenterofturkey.com\/wp-content\/uploads\/2026\/01\/transfer_1-150x150.webp 150w, https:\/\/haircenterofturkey.com\/wp-content\/uploads\/2026\/01\/transfer_1-768x768.webp 768w, https:\/\/haircenterofturkey.com\/wp-content\/uploads\/2026\/01\/transfer_1-600x600.webp 600w, https:\/\/haircenterofturkey.com\/wp-content\/uploads\/2026\/01\/transfer_1-248x248.webp 248w, https:\/\/haircenterofturkey.com\/wp-content\/uploads\/2026\/01\/transfer_1.webp 1080w\" sizes=\"auto, (max-width: 1024px) 100vw, 1024px\" title=\"\"><\/a>\n\t\t\t<\/dt><\/dl><dl class='gallery-item'>\n\t\t\t<dt class='gallery-icon landscape'>\n\t\t\t\t<a href='https:\/\/haircenterofturkey.com\/fr\/transfert\/transfer_2-1-2\/'><img loading=\"lazy\" decoding=\"async\" width=\"1024\" height=\"1024\" src=\"https:\/\/haircenterofturkey.com\/wp-content\/uploads\/2026\/01\/transfer_2-1-1024x1024.webp\" class=\"attachment-large size-large\" alt=\"\" srcset=\"https:\/\/haircenterofturkey.com\/wp-content\/uploads\/2026\/01\/transfer_2-1-1024x1024.webp 1024w, https:\/\/haircenterofturkey.com\/wp-content\/uploads\/2026\/01\/transfer_2-1-300x300.webp 300w, https:\/\/haircenterofturkey.com\/wp-content\/uploads\/2026\/01\/transfer_2-1-150x150.webp 150w, https:\/\/haircenterofturkey.com\/wp-content\/uploads\/2026\/01\/transfer_2-1-768x768.webp 768w, https:\/\/haircenterofturkey.com\/wp-content\/uploads\/2026\/01\/transfer_2-1-600x600.webp 600w, https:\/\/haircenterofturkey.com\/wp-content\/uploads\/2026\/01\/transfer_2-1-248x248.webp 248w, https:\/\/haircenterofturkey.com\/wp-content\/uploads\/2026\/01\/transfer_2-1.webp 1080w\" sizes=\"auto, (max-width: 1024px) 100vw, 1024px\" title=\"\"><\/a>\n\t\t\t<\/dt><\/dl><br style=\"clear: both\" \/>\n\t\t<\/div>\n\n<\/div>\n<\/div>\n<\/div>\n<\/div>\n","protected":false},"excerpt":{"rendered":"<p>Transfert VIP Notre soci\u00e9t\u00e9 est sp\u00e9cialis\u00e9e dans la fourniture de services de transfert VIP luxueux, confortables et s\u00e9curis\u00e9s pour vos invit\u00e9s. Nos services Nous vous proposons un service de transfert entre l&rsquo;a\u00e9roport et l&rsquo;h\u00f4tel \u00e0 bord de nos v\u00e9hicules VIP sp\u00e9cialement d\u00e9cor\u00e9s pour vous. Quelle que soit la taille de votre groupe ou vos besoins [&hellip;]<\/p>\n","protected":false},"author":3,"featured_media":0,"parent":0,"menu_order":0,"comment_status":"closed","ping_status":"closed","template":"","meta":{"footnotes":""},"class_list":["post-19220","page","type-page","status-publish","hentry"],"_links":{"self":[{"href":"https:\/\/haircenterofturkey.com\/fr\/wp-json\/wp\/v2\/pages\/19220","targetHints":{"allow":["GET"]}}],"collection":[{"href":"https:\/\/haircenterofturkey.com\/fr\/wp-json\/wp\/v2\/pages"}],"about":[{"href":"https:\/\/haircenterofturkey.com\/fr\/wp-json\/wp\/v2\/types\/page"}],"author":[{"embeddable":true,"href":"https:\/\/haircenterofturkey.com\/fr\/wp-json\/wp\/v2\/users\/3"}],"replies":[{"embeddable":true,"href":"https:\/\/haircenterofturkey.com\/fr\/wp-json\/wp\/v2\/comments?post=19220"}],"version-history":[{"count":0,"href":"https:\/\/haircenterofturkey.com\/fr\/wp-json\/wp\/v2\/pages\/19220\/revisions"}],"wp:attachment":[{"href":"https:\/\/haircenterofturkey.com\/fr\/wp-json\/wp\/v2\/media?parent=19220"}],"curies":[{"name":"wp","href":"https:\/\/api.w.org\/{rel}","templated":true}]}}