{"id":19194,"date":"2026-01-20T10:17:21","date_gmt":"2026-01-20T07:17:21","guid":{"rendered":"https:\/\/haircenterofturkey.com\/visite-guidee-de-la-ville\/"},"modified":"2026-01-20T10:17:21","modified_gmt":"2026-01-20T07:17:21","slug":"visite-guidee-de-la-ville","status":"publish","type":"page","link":"https:\/\/haircenterofturkey.com\/fr\/visite-guidee-de-la-ville\/","title":{"rendered":"Visite guid\u00e9e de la ville"},"content":{"rendered":"<div class=\"fusion-title title fusion-title-1 fusion-sep-none fusion-title-text fusion-title-size-one\">\n<h2 class=\"fusion-title-heading title-heading-left\">Visite guid\u00e9e de la ville<\/h2>\n<\/div>\n<div class=\"fusion-text fusion-text-1 fusion-text-no-margin\">\n<section class=\"elementor-section elementor-top-section elementor-element elementor-element-1f80ff7f elementor-section-full_width elementor-section-height-min-height elementor-section-items-stretch elementor-section-height-default\" data-id=\"1f80ff7f\" data-element_type=\"section\" data-settings=\"{\">\n<div class=\"elementor-container elementor-column-gap-no\">\n<div class=\"elementor-column elementor-col-100 elementor-top-column elementor-element elementor-element-580a02c8\" data-id=\"580a02c8\" data-element_type=\"column\">\n<div class=\"elementor-widget-wrap elementor-element-populated\">\n<div class=\"elementor-element elementor-element-2fceab29 elementor-widget__width-initial elementor-widget elementor-widget-text-editor\" data-id=\"2fceab29\" data-element_type=\"widget\" data-widget_type=\"text-editor.default\">\n<div class=\"elementor-widget-container\">\n<div class=\"elementor-element elementor-element-14e56d84 elementor-widget elementor-widget-text-editor\" data-id=\"14e56d84\" data-element_type=\"widget\" data-widget_type=\"text-editor.default\">\n<div class=\"elementor-widget-container\">\n<div class=\"sliderDescription\">\n<section class=\"elementor-section elementor-top-section elementor-element elementor-element-5c53ba42 elementor-section-full_width elementor-section-height-default elementor-section-height-default\" data-id=\"5c53ba42\" data-element_type=\"section\" data-settings=\"\">\n<div class=\"elementor-container elementor-column-gap-no\">\n<div class=\"elementor-column elementor-col-100 elementor-top-column elementor-element elementor-element-727efb10\" data-id=\"727efb10\" data-element_type=\"column\">\n<div class=\"elementor-widget-wrap elementor-element-populated\">\n<section class=\"elementor-section elementor-inner-section elementor-element elementor-element-53151f6c elementor-section-boxed elementor-section-height-default elementor-section-height-default\" data-id=\"53151f6c\" data-element_type=\"section\">\n<div class=\"elementor-container elementor-column-gap-no\">\n<div class=\"elementor-column elementor-col-100 elementor-inner-column elementor-element elementor-element-4fec6815\" data-id=\"4fec6815\" data-element_type=\"column\">\n<div class=\"elementor-widget-wrap elementor-element-populated\">\n<div class=\"elementor-element elementor-element-71f93960 elementor-widget elementor-widget-text-editor animated fadeIn\" data-id=\"71f93960\" data-element_type=\"widget\" data-settings=\"\" data-widget_type=\"text-editor.default\">\n<div class=\"elementor-widget-container\">\n<p>D\u00e9couvrez la beaut\u00e9 et l&rsquo;histoire de notre ville gr\u00e2ce \u00e0 notre visite guid\u00e9e d&rsquo;Istanbul.<\/p>\n<p><img loading=\"lazy\" decoding=\"async\" class=\"alignnone size-full wp-image-19113\" src=\"https:\/\/haircenterofturkey.com\/wp-content\/uploads\/2026\/01\/sehir-turu.webp\" alt=\"\" width=\"1080\" height=\"1400\" title=\"\" srcset=\"https:\/\/haircenterofturkey.com\/wp-content\/uploads\/2026\/01\/sehir-turu.webp 1080w, https:\/\/haircenterofturkey.com\/wp-content\/uploads\/2026\/01\/sehir-turu-231x300.webp 231w, https:\/\/haircenterofturkey.com\/wp-content\/uploads\/2026\/01\/sehir-turu-790x1024.webp 790w, https:\/\/haircenterofturkey.com\/wp-content\/uploads\/2026\/01\/sehir-turu-768x996.webp 768w, https:\/\/haircenterofturkey.com\/wp-content\/uploads\/2026\/01\/sehir-turu-116x150.webp 116w\" sizes=\"auto, (max-width: 1080px) 100vw, 1080px\" \/><\/p>\n<h2>Nos services<\/h2>\n<p>Notre \u00e9quipe s&rsquo;engage \u00e0 offrir un service client de premi\u00e8re classe afin de garantir \u00e0 tous nos clients une visite inoubliable et agr\u00e9able. Nous proposons des options de visites flexibles adapt\u00e9es \u00e0 votre programme et \u00e0 vos pr\u00e9f\u00e9rences, et pouvons accueillir des groupes de toutes tailles.<\/p>\n\n\t\t<style type=\"text\/css\">\n\t\t\t#gallery-1 {\n\t\t\t\tmargin: auto;\n\t\t\t}\n\t\t\t#gallery-1 .gallery-item {\n\t\t\t\tfloat: left;\n\t\t\t\tmargin-top: 10px;\n\t\t\t\ttext-align: center;\n\t\t\t\twidth: 50%;\n\t\t\t}\n\t\t\t#gallery-1 img {\n\t\t\t\tborder: 2px solid #cfcfcf;\n\t\t\t}\n\t\t\t#gallery-1 .gallery-caption {\n\t\t\t\tmargin-left: 0;\n\t\t\t}\n\t\t\t\/* see gallery_shortcode() in wp-includes\/media.php *\/\n\t\t<\/style>\n\t\t<div id='gallery-1' class='gallery galleryid-19194 gallery-columns-2 gallery-size-large'><dl class='gallery-item'>\n\t\t\t<dt class='gallery-icon landscape'>\n\t\t\t\t<a href='https:\/\/haircenterofturkey.com\/fr\/visite-guidee-de-la-ville\/sehir-turu_2-2\/'><img loading=\"lazy\" decoding=\"async\" width=\"1024\" height=\"1024\" src=\"https:\/\/haircenterofturkey.com\/wp-content\/uploads\/2026\/01\/sehir-turu_2-1024x1024.webp\" class=\"attachment-large size-large\" alt=\"\" srcset=\"https:\/\/haircenterofturkey.com\/wp-content\/uploads\/2026\/01\/sehir-turu_2-1024x1024.webp 1024w, https:\/\/haircenterofturkey.com\/wp-content\/uploads\/2026\/01\/sehir-turu_2-300x300.webp 300w, https:\/\/haircenterofturkey.com\/wp-content\/uploads\/2026\/01\/sehir-turu_2-150x150.webp 150w, https:\/\/haircenterofturkey.com\/wp-content\/uploads\/2026\/01\/sehir-turu_2-768x768.webp 768w, https:\/\/haircenterofturkey.com\/wp-content\/uploads\/2026\/01\/sehir-turu_2-600x600.webp 600w, https:\/\/haircenterofturkey.com\/wp-content\/uploads\/2026\/01\/sehir-turu_2-248x248.webp 248w, https:\/\/haircenterofturkey.com\/wp-content\/uploads\/2026\/01\/sehir-turu_2.webp 1080w\" sizes=\"auto, (max-width: 1024px) 100vw, 1024px\" title=\"\"><\/a>\n\t\t\t<\/dt><\/dl><dl class='gallery-item'>\n\t\t\t<dt class='gallery-icon landscape'>\n\t\t\t\t<a href='https:\/\/haircenterofturkey.com\/fr\/visite-guidee-de-la-ville\/sehir-turu_1-2\/'><img loading=\"lazy\" decoding=\"async\" width=\"1024\" height=\"1024\" src=\"https:\/\/haircenterofturkey.com\/wp-content\/uploads\/2026\/01\/sehir-turu_1-1024x1024.webp\" class=\"attachment-large size-large\" alt=\"\" srcset=\"https:\/\/haircenterofturkey.com\/wp-content\/uploads\/2026\/01\/sehir-turu_1-1024x1024.webp 1024w, https:\/\/haircenterofturkey.com\/wp-content\/uploads\/2026\/01\/sehir-turu_1-300x300.webp 300w, https:\/\/haircenterofturkey.com\/wp-content\/uploads\/2026\/01\/sehir-turu_1-150x150.webp 150w, https:\/\/haircenterofturkey.com\/wp-content\/uploads\/2026\/01\/sehir-turu_1-768x768.webp 768w, https:\/\/haircenterofturkey.com\/wp-content\/uploads\/2026\/01\/sehir-turu_1-600x600.webp 600w, https:\/\/haircenterofturkey.com\/wp-content\/uploads\/2026\/01\/sehir-turu_1-248x248.webp 248w, https:\/\/haircenterofturkey.com\/wp-content\/uploads\/2026\/01\/sehir-turu_1.webp 1080w\" sizes=\"auto, (max-width: 1024px) 100vw, 1024px\" title=\"\"><\/a>\n\t\t\t<\/dt><\/dl><br style=\"clear: both\" \/>\n\t\t<\/div>\n\n<p>&nbsp;<\/p>\n<\/div>\n<\/div>\n<\/div>\n<\/div>\n<\/div>\n<\/section>\n<\/div>\n<\/div>\n<\/div>\n<\/section>\n<\/div>\n<\/div>\n<\/div>\n<\/div>\n<\/div>\n<\/div>\n<\/div>\n<\/div>\n<\/section>\n<\/div>\n","protected":false},"excerpt":{"rendered":"<p>Visite guid\u00e9e de la ville D\u00e9couvrez la beaut\u00e9 et l&rsquo;histoire de notre ville gr\u00e2ce \u00e0 notre visite guid\u00e9e d&rsquo;Istanbul. Nos services Notre \u00e9quipe s&rsquo;engage \u00e0 offrir un service client de premi\u00e8re classe afin de garantir \u00e0 tous nos clients une visite inoubliable et agr\u00e9able. Nous proposons des options de visites flexibles adapt\u00e9es \u00e0 votre programme [&hellip;]<\/p>\n","protected":false},"author":3,"featured_media":0,"parent":0,"menu_order":0,"comment_status":"closed","ping_status":"closed","template":"","meta":{"footnotes":""},"class_list":["post-19194","page","type-page","status-publish","hentry"],"_links":{"self":[{"href":"https:\/\/haircenterofturkey.com\/fr\/wp-json\/wp\/v2\/pages\/19194","targetHints":{"allow":["GET"]}}],"collection":[{"href":"https:\/\/haircenterofturkey.com\/fr\/wp-json\/wp\/v2\/pages"}],"about":[{"href":"https:\/\/haircenterofturkey.com\/fr\/wp-json\/wp\/v2\/types\/page"}],"author":[{"embeddable":true,"href":"https:\/\/haircenterofturkey.com\/fr\/wp-json\/wp\/v2\/users\/3"}],"replies":[{"embeddable":true,"href":"https:\/\/haircenterofturkey.com\/fr\/wp-json\/wp\/v2\/comments?post=19194"}],"version-history":[{"count":0,"href":"https:\/\/haircenterofturkey.com\/fr\/wp-json\/wp\/v2\/pages\/19194\/revisions"}],"wp:attachment":[{"href":"https:\/\/haircenterofturkey.com\/fr\/wp-json\/wp\/v2\/media?parent=19194"}],"curies":[{"name":"wp","href":"https:\/\/api.w.org\/{rel}","templated":true}]}}