{"id":19228,"date":"2026-01-20T10:17:12","date_gmt":"2026-01-20T07:17:12","guid":{"rendered":"https:\/\/haircenterofturkey.com\/traslado\/"},"modified":"2026-03-02T15:40:51","modified_gmt":"2026-03-02T12:40:51","slug":"traslado","status":"publish","type":"page","link":"https:\/\/haircenterofturkey.com\/es\/traslado\/","title":{"rendered":"Traslado"},"content":{"rendered":"<h2>Traslado VIP<\/h2>\n<p>Nuestra empresa se especializa en proporcionar un servicio de traslado VIP lujoso, c\u00f3modo y seguro para nuestros hu\u00e9spedes.<\/p>\n<p><img loading=\"lazy\" decoding=\"async\" class=\"alignnone size-full wp-image-19126\" src=\"https:\/\/haircenterofturkey.com\/wp-content\/uploads\/2026\/01\/transfer-1.webp\" alt=\"\" width=\"1080\" height=\"1400\" title=\"\" srcset=\"https:\/\/haircenterofturkey.com\/wp-content\/uploads\/2026\/01\/transfer-1.webp 1080w, https:\/\/haircenterofturkey.com\/wp-content\/uploads\/2026\/01\/transfer-1-231x300.webp 231w, https:\/\/haircenterofturkey.com\/wp-content\/uploads\/2026\/01\/transfer-1-790x1024.webp 790w, https:\/\/haircenterofturkey.com\/wp-content\/uploads\/2026\/01\/transfer-1-768x996.webp 768w, https:\/\/haircenterofturkey.com\/wp-content\/uploads\/2026\/01\/transfer-1-116x150.webp 116w\" sizes=\"auto, (max-width: 1080px) 100vw, 1080px\" \/><\/p>\n<div class=\"fusion-title title fusion-title-2 fusion-sep-none fusion-title-center fusion-title-text fusion-title-size-two\">\n<h2 class=\"fusion-title-heading title-heading-center\">Nuestros servicios<\/h2>\n<\/div>\n<div class=\"fusion-text fusion-text-2 fusion-text-no-margin\">\n<div class=\"elementor-element elementor-element-8d099f0 elementor-widget elementor-widget-text-editor\" data-id=\"8d099f0\" data-element_type=\"widget\" data-widget_type=\"text-editor.default\">\n<div class=\"elementor-widget-container\">\n<p>Ofrecemos un servicio de traslado entre el aeropuerto y el hotel en nuestros veh\u00edculos VIP decorados especialmente para usted. Sea cual sea el tama\u00f1o de su grupo o sus necesidades de transporte especiales, tenemos una soluci\u00f3n para usted.<\/p>\n<p>Todos nuestros conductores son profesionales y est\u00e1n perfectamente formados, centr\u00e1ndose en la seguridad y el servicio al cliente. Mientras ellos se encargan de la conducci\u00f3n, usted puede relajarse y disfrutar de un viaje sin problemas y sin estr\u00e9s.<\/p>\n<\/div>\n<\/div>\n<div class=\"elementor-element elementor-element-30409eff elementor-widget elementor-widget-image elementor-motion-effects-parent\" data-id=\"30409eff\" data-element_type=\"widget\" data-settings=\"\" data-widget_type=\"image.default\">\n<div class=\"elementor-element elementor-element-1b8ecab elementor-widget elementor-widget-text-editor\" data-id=\"1b8ecab\" data-element_type=\"widget\" data-widget_type=\"text-editor.default\">\n<div class=\"elementor-widget-container\">\n\n\t\t<style type=\"text\/css\">\n\t\t\t#gallery-1 {\n\t\t\t\tmargin: auto;\n\t\t\t}\n\t\t\t#gallery-1 .gallery-item {\n\t\t\t\tfloat: left;\n\t\t\t\tmargin-top: 10px;\n\t\t\t\ttext-align: center;\n\t\t\t\twidth: 50%;\n\t\t\t}\n\t\t\t#gallery-1 img {\n\t\t\t\tborder: 2px solid #cfcfcf;\n\t\t\t}\n\t\t\t#gallery-1 .gallery-caption {\n\t\t\t\tmargin-left: 0;\n\t\t\t}\n\t\t\t\/* see gallery_shortcode() in wp-includes\/media.php *\/\n\t\t<\/style>\n\t\t<div id='gallery-1' class='gallery galleryid-19228 gallery-columns-2 gallery-size-large'><dl class='gallery-item'>\n\t\t\t<dt class='gallery-icon landscape'>\n\t\t\t\t<a href='https:\/\/haircenterofturkey.com\/es\/traslado\/transfer_1-2\/'><img loading=\"lazy\" decoding=\"async\" width=\"1024\" height=\"1024\" src=\"https:\/\/haircenterofturkey.com\/wp-content\/uploads\/2026\/01\/transfer_1-1024x1024.webp\" class=\"attachment-large size-large\" alt=\"\" srcset=\"https:\/\/haircenterofturkey.com\/wp-content\/uploads\/2026\/01\/transfer_1-1024x1024.webp 1024w, https:\/\/haircenterofturkey.com\/wp-content\/uploads\/2026\/01\/transfer_1-300x300.webp 300w, https:\/\/haircenterofturkey.com\/wp-content\/uploads\/2026\/01\/transfer_1-150x150.webp 150w, https:\/\/haircenterofturkey.com\/wp-content\/uploads\/2026\/01\/transfer_1-768x768.webp 768w, https:\/\/haircenterofturkey.com\/wp-content\/uploads\/2026\/01\/transfer_1-600x600.webp 600w, https:\/\/haircenterofturkey.com\/wp-content\/uploads\/2026\/01\/transfer_1-248x248.webp 248w, https:\/\/haircenterofturkey.com\/wp-content\/uploads\/2026\/01\/transfer_1.webp 1080w\" sizes=\"auto, (max-width: 1024px) 100vw, 1024px\" title=\"\"><\/a>\n\t\t\t<\/dt><\/dl><dl class='gallery-item'>\n\t\t\t<dt class='gallery-icon landscape'>\n\t\t\t\t<a href='https:\/\/haircenterofturkey.com\/es\/traslado\/transfer_2-1-2\/'><img loading=\"lazy\" decoding=\"async\" width=\"1024\" height=\"1024\" src=\"https:\/\/haircenterofturkey.com\/wp-content\/uploads\/2026\/01\/transfer_2-1-1024x1024.webp\" class=\"attachment-large size-large\" alt=\"\" srcset=\"https:\/\/haircenterofturkey.com\/wp-content\/uploads\/2026\/01\/transfer_2-1-1024x1024.webp 1024w, https:\/\/haircenterofturkey.com\/wp-content\/uploads\/2026\/01\/transfer_2-1-300x300.webp 300w, https:\/\/haircenterofturkey.com\/wp-content\/uploads\/2026\/01\/transfer_2-1-150x150.webp 150w, https:\/\/haircenterofturkey.com\/wp-content\/uploads\/2026\/01\/transfer_2-1-768x768.webp 768w, https:\/\/haircenterofturkey.com\/wp-content\/uploads\/2026\/01\/transfer_2-1-600x600.webp 600w, https:\/\/haircenterofturkey.com\/wp-content\/uploads\/2026\/01\/transfer_2-1-248x248.webp 248w, https:\/\/haircenterofturkey.com\/wp-content\/uploads\/2026\/01\/transfer_2-1.webp 1080w\" sizes=\"auto, (max-width: 1024px) 100vw, 1024px\" title=\"\"><\/a>\n\t\t\t<\/dt><\/dl><br style=\"clear: both\" \/>\n\t\t<\/div>\n\n<\/div>\n<\/div>\n<\/div>\n<\/div>\n","protected":false},"excerpt":{"rendered":"<p>Traslado VIP Nuestra empresa se especializa en proporcionar un servicio de traslado VIP lujoso, c\u00f3modo y seguro para nuestros hu\u00e9spedes. Nuestros servicios Ofrecemos un servicio de traslado entre el aeropuerto y el hotel en nuestros veh\u00edculos VIP decorados especialmente para usted. Sea cual sea el tama\u00f1o de su grupo o sus necesidades de transporte especiales, [&hellip;]<\/p>\n","protected":false},"author":3,"featured_media":0,"parent":0,"menu_order":0,"comment_status":"closed","ping_status":"closed","template":"","meta":{"footnotes":""},"class_list":["post-19228","page","type-page","status-publish","hentry"],"_links":{"self":[{"href":"https:\/\/haircenterofturkey.com\/es\/wp-json\/wp\/v2\/pages\/19228","targetHints":{"allow":["GET"]}}],"collection":[{"href":"https:\/\/haircenterofturkey.com\/es\/wp-json\/wp\/v2\/pages"}],"about":[{"href":"https:\/\/haircenterofturkey.com\/es\/wp-json\/wp\/v2\/types\/page"}],"author":[{"embeddable":true,"href":"https:\/\/haircenterofturkey.com\/es\/wp-json\/wp\/v2\/users\/3"}],"replies":[{"embeddable":true,"href":"https:\/\/haircenterofturkey.com\/es\/wp-json\/wp\/v2\/comments?post=19228"}],"version-history":[{"count":1,"href":"https:\/\/haircenterofturkey.com\/es\/wp-json\/wp\/v2\/pages\/19228\/revisions"}],"predecessor-version":[{"id":30248,"href":"https:\/\/haircenterofturkey.com\/es\/wp-json\/wp\/v2\/pages\/19228\/revisions\/30248"}],"wp:attachment":[{"href":"https:\/\/haircenterofturkey.com\/es\/wp-json\/wp\/v2\/media?parent=19228"}],"curies":[{"name":"wp","href":"https:\/\/api.w.org\/{rel}","templated":true}]}}