{"id":19198,"date":"2026-01-20T10:17:21","date_gmt":"2026-01-20T07:17:21","guid":{"rendered":"https:\/\/haircenterofturkey.com\/stadtrundfahrt\/"},"modified":"2026-01-20T10:17:21","modified_gmt":"2026-01-20T07:17:21","slug":"stadtrundfahrt","status":"publish","type":"page","link":"https:\/\/haircenterofturkey.com\/de\/stadtrundfahrt\/","title":{"rendered":"Stadtrundfahrt"},"content":{"rendered":"<div class=\"fusion-title title fusion-title-1 fusion-sep-none fusion-title-text fusion-title-size-one\">\n<h2 class=\"fusion-title-heading title-heading-left\">Stadtrundfahrt<\/h2>\n<\/div>\n<div class=\"fusion-text fusion-text-1 fusion-text-no-margin\">\n<section class=\"elementor-section elementor-top-section elementor-element elementor-element-1f80ff7f elementor-section-full_width elementor-section-height-min-height elementor-section-items-stretch elementor-section-height-default\" data-id=\"1f80ff7f\" data-element_type=\"section\" data-settings=\"{\">\n<div class=\"elementor-container elementor-column-gap-no\">\n<div class=\"elementor-column elementor-col-100 elementor-top-column elementor-element elementor-element-580a02c8\" data-id=\"580a02c8\" data-element_type=\"column\">\n<div class=\"elementor-widget-wrap elementor-element-populated\">\n<div class=\"elementor-element elementor-element-2fceab29 elementor-widget__width-initial elementor-widget elementor-widget-text-editor\" data-id=\"2fceab29\" data-element_type=\"widget\" data-widget_type=\"text-editor.default\">\n<div class=\"elementor-widget-container\">\n<div class=\"elementor-element elementor-element-14e56d84 elementor-widget elementor-widget-text-editor\" data-id=\"14e56d84\" data-element_type=\"widget\" data-widget_type=\"text-editor.default\">\n<div class=\"elementor-widget-container\">\n<div class=\"sliderDescription\">\n<section class=\"elementor-section elementor-top-section elementor-element elementor-element-5c53ba42 elementor-section-full_width elementor-section-height-default elementor-section-height-default\" data-id=\"5c53ba42\" data-element_type=\"section\" data-settings=\"\">\n<div class=\"elementor-container elementor-column-gap-no\">\n<div class=\"elementor-column elementor-col-100 elementor-top-column elementor-element elementor-element-727efb10\" data-id=\"727efb10\" data-element_type=\"column\">\n<div class=\"elementor-widget-wrap elementor-element-populated\">\n<section class=\"elementor-section elementor-inner-section elementor-element elementor-element-53151f6c elementor-section-boxed elementor-section-height-default elementor-section-height-default\" data-id=\"53151f6c\" data-element_type=\"section\">\n<div class=\"elementor-container elementor-column-gap-no\">\n<div class=\"elementor-column elementor-col-100 elementor-inner-column elementor-element elementor-element-4fec6815\" data-id=\"4fec6815\" data-element_type=\"column\">\n<div class=\"elementor-widget-wrap elementor-element-populated\">\n<div class=\"elementor-element elementor-element-71f93960 elementor-widget elementor-widget-text-editor animated fadeIn\" data-id=\"71f93960\" data-element_type=\"widget\" data-settings=\"\" data-widget_type=\"text-editor.default\">\n<div class=\"elementor-widget-container\">\n<p>Erleben Sie die Sch\u00f6nheit und Geschichte unserer Stadt mit unserer Istanbul-Stadtrundfahrt.<\/p>\n<p><img loading=\"lazy\" decoding=\"async\" class=\"alignnone size-full wp-image-19113\" src=\"https:\/\/haircenterofturkey.com\/wp-content\/uploads\/2026\/01\/sehir-turu.webp\" alt=\"\" width=\"1080\" height=\"1400\" title=\"\" srcset=\"https:\/\/haircenterofturkey.com\/wp-content\/uploads\/2026\/01\/sehir-turu.webp 1080w, https:\/\/haircenterofturkey.com\/wp-content\/uploads\/2026\/01\/sehir-turu-231x300.webp 231w, https:\/\/haircenterofturkey.com\/wp-content\/uploads\/2026\/01\/sehir-turu-790x1024.webp 790w, https:\/\/haircenterofturkey.com\/wp-content\/uploads\/2026\/01\/sehir-turu-768x996.webp 768w, https:\/\/haircenterofturkey.com\/wp-content\/uploads\/2026\/01\/sehir-turu-116x150.webp 116w\" sizes=\"auto, (max-width: 1080px) 100vw, 1080px\" \/><\/p>\n<h2>Unsere Dienstleistungen<\/h2>\n<p>Unser Team ist bestrebt, allen G\u00e4sten einen erstklassigen Kundenservice zu bieten, damit sie eine unvergessliche und angenehme Tour erleben. Wir bieten flexible Tourenoptionen, die auf Ihr Programm und Ihre Vorlieben zugeschnitten sind, und k\u00f6nnen Gruppen jeder Gr\u00f6\u00dfe empfangen.<\/p>\n\n\t\t<style type=\"text\/css\">\n\t\t\t#gallery-1 {\n\t\t\t\tmargin: auto;\n\t\t\t}\n\t\t\t#gallery-1 .gallery-item {\n\t\t\t\tfloat: left;\n\t\t\t\tmargin-top: 10px;\n\t\t\t\ttext-align: center;\n\t\t\t\twidth: 50%;\n\t\t\t}\n\t\t\t#gallery-1 img {\n\t\t\t\tborder: 2px solid #cfcfcf;\n\t\t\t}\n\t\t\t#gallery-1 .gallery-caption {\n\t\t\t\tmargin-left: 0;\n\t\t\t}\n\t\t\t\/* see gallery_shortcode() in wp-includes\/media.php *\/\n\t\t<\/style>\n\t\t<div id='gallery-1' class='gallery galleryid-19198 gallery-columns-2 gallery-size-large'><dl class='gallery-item'>\n\t\t\t<dt class='gallery-icon landscape'>\n\t\t\t\t<a href='https:\/\/haircenterofturkey.com\/de\/stadtrundfahrt\/sehir-turu_2-2\/'><img loading=\"lazy\" decoding=\"async\" width=\"1024\" height=\"1024\" src=\"https:\/\/haircenterofturkey.com\/wp-content\/uploads\/2026\/01\/sehir-turu_2-1024x1024.webp\" class=\"attachment-large size-large\" alt=\"\" srcset=\"https:\/\/haircenterofturkey.com\/wp-content\/uploads\/2026\/01\/sehir-turu_2-1024x1024.webp 1024w, https:\/\/haircenterofturkey.com\/wp-content\/uploads\/2026\/01\/sehir-turu_2-300x300.webp 300w, https:\/\/haircenterofturkey.com\/wp-content\/uploads\/2026\/01\/sehir-turu_2-150x150.webp 150w, https:\/\/haircenterofturkey.com\/wp-content\/uploads\/2026\/01\/sehir-turu_2-768x768.webp 768w, https:\/\/haircenterofturkey.com\/wp-content\/uploads\/2026\/01\/sehir-turu_2-600x600.webp 600w, https:\/\/haircenterofturkey.com\/wp-content\/uploads\/2026\/01\/sehir-turu_2-248x248.webp 248w, https:\/\/haircenterofturkey.com\/wp-content\/uploads\/2026\/01\/sehir-turu_2.webp 1080w\" sizes=\"auto, (max-width: 1024px) 100vw, 1024px\" title=\"\"><\/a>\n\t\t\t<\/dt><\/dl><dl class='gallery-item'>\n\t\t\t<dt class='gallery-icon landscape'>\n\t\t\t\t<a href='https:\/\/haircenterofturkey.com\/de\/stadtrundfahrt\/sehir-turu_1-2\/'><img loading=\"lazy\" decoding=\"async\" width=\"1024\" height=\"1024\" src=\"https:\/\/haircenterofturkey.com\/wp-content\/uploads\/2026\/01\/sehir-turu_1-1024x1024.webp\" class=\"attachment-large size-large\" alt=\"\" srcset=\"https:\/\/haircenterofturkey.com\/wp-content\/uploads\/2026\/01\/sehir-turu_1-1024x1024.webp 1024w, https:\/\/haircenterofturkey.com\/wp-content\/uploads\/2026\/01\/sehir-turu_1-300x300.webp 300w, https:\/\/haircenterofturkey.com\/wp-content\/uploads\/2026\/01\/sehir-turu_1-150x150.webp 150w, https:\/\/haircenterofturkey.com\/wp-content\/uploads\/2026\/01\/sehir-turu_1-768x768.webp 768w, https:\/\/haircenterofturkey.com\/wp-content\/uploads\/2026\/01\/sehir-turu_1-600x600.webp 600w, https:\/\/haircenterofturkey.com\/wp-content\/uploads\/2026\/01\/sehir-turu_1-248x248.webp 248w, https:\/\/haircenterofturkey.com\/wp-content\/uploads\/2026\/01\/sehir-turu_1.webp 1080w\" sizes=\"auto, (max-width: 1024px) 100vw, 1024px\" title=\"\"><\/a>\n\t\t\t<\/dt><\/dl><br style=\"clear: both\" \/>\n\t\t<\/div>\n\n<\/div>\n<\/div>\n<\/div>\n<\/div>\n<\/div>\n<\/section>\n<\/div>\n<\/div>\n<\/div>\n<\/section>\n<\/div>\n<\/div>\n<\/div>\n<\/div>\n<\/div>\n<\/div>\n<\/div>\n<\/div>\n<\/section>\n<\/div>\n","protected":false},"excerpt":{"rendered":"<p>Stadtrundfahrt Erleben Sie die Sch\u00f6nheit und Geschichte unserer Stadt mit unserer Istanbul-Stadtrundfahrt. Unsere Dienstleistungen Unser Team ist bestrebt, allen G\u00e4sten einen erstklassigen Kundenservice zu bieten, damit sie eine unvergessliche und angenehme Tour erleben. Wir bieten flexible Tourenoptionen, die auf Ihr Programm und Ihre Vorlieben zugeschnitten sind, und k\u00f6nnen Gruppen jeder Gr\u00f6\u00dfe empfangen.<\/p>\n","protected":false},"author":3,"featured_media":0,"parent":0,"menu_order":0,"comment_status":"closed","ping_status":"closed","template":"","meta":{"footnotes":""},"class_list":["post-19198","page","type-page","status-publish","hentry"],"_links":{"self":[{"href":"https:\/\/haircenterofturkey.com\/de\/wp-json\/wp\/v2\/pages\/19198","targetHints":{"allow":["GET"]}}],"collection":[{"href":"https:\/\/haircenterofturkey.com\/de\/wp-json\/wp\/v2\/pages"}],"about":[{"href":"https:\/\/haircenterofturkey.com\/de\/wp-json\/wp\/v2\/types\/page"}],"author":[{"embeddable":true,"href":"https:\/\/haircenterofturkey.com\/de\/wp-json\/wp\/v2\/users\/3"}],"replies":[{"embeddable":true,"href":"https:\/\/haircenterofturkey.com\/de\/wp-json\/wp\/v2\/comments?post=19198"}],"version-history":[{"count":0,"href":"https:\/\/haircenterofturkey.com\/de\/wp-json\/wp\/v2\/pages\/19198\/revisions"}],"wp:attachment":[{"href":"https:\/\/haircenterofturkey.com\/de\/wp-json\/wp\/v2\/media?parent=19198"}],"curies":[{"name":"wp","href":"https:\/\/api.w.org\/{rel}","templated":true}]}}