{"id":19164,"date":"2026-01-20T10:17:04","date_gmt":"2026-01-20T07:17:04","guid":{"rendered":"https:\/\/haircenterofturkey.com\/hotel-unterkunft\/"},"modified":"2026-02-03T14:30:02","modified_gmt":"2026-02-03T11:30:02","slug":"hotel-unterkunft","status":"publish","type":"page","link":"https:\/\/haircenterofturkey.com\/de\/hotel-unterkunft\/","title":{"rendered":"Hotel &#038; Unterkunft"},"content":{"rendered":"<div class=\"fusion-title title fusion-title-1 fusion-sep-none fusion-title-text fusion-title-size-one\"><\/div>\n<div class=\"fusion-text fusion-text-1 fusion-text-no-margin\">\n<section class=\"elementor-section elementor-top-section elementor-element elementor-element-1f80ff7f elementor-section-full_width elementor-section-height-min-height elementor-section-items-stretch elementor-section-height-default\" data-id=\"1f80ff7f\" data-element_type=\"section\" data-settings=\"\">\n<div class=\"elementor-container elementor-column-gap-no\">\n<div class=\"elementor-column elementor-col-100 elementor-top-column elementor-element elementor-element-580a02c8\" data-id=\"580a02c8\" data-element_type=\"column\">\n<div class=\"elementor-widget-wrap elementor-element-populated\">\n<div class=\"elementor-element elementor-element-2fceab29 elementor-widget__width-initial elementor-widget elementor-widget-text-editor\" data-id=\"2fceab29\" data-element_type=\"widget\" data-widget_type=\"text-editor.default\">\n<div class=\"elementor-widget-container\">\n<div class=\"elementor-element elementor-element-14e56d84 elementor-widget elementor-widget-text-editor\" data-id=\"14e56d84\" data-element_type=\"widget\" data-widget_type=\"text-editor.default\">\n<div class=\"elementor-widget-container\">\n<h2>Hotel &amp; Unterkunft<\/h2>\n<div>Unser Unternehmen ist darauf spezialisiert, unseren G\u00e4sten luxuri\u00f6se 5-Sterne-Unterk\u00fcnfte zu bieten.<\/div>\n<div><img loading=\"lazy\" decoding=\"async\" class=\"alignnone size-full wp-image-19134\" src=\"https:\/\/crabsmedia.com.tr\/cm_haircenter\/wp-content\/uploads\/2026\/01\/hotel.webp\" alt=\"\" width=\"1080\" height=\"1400\" title=\"\" srcset=\"https:\/\/haircenterofturkey.com\/wp-content\/uploads\/2026\/01\/hotel.webp 1080w, https:\/\/haircenterofturkey.com\/wp-content\/uploads\/2026\/01\/hotel-231x300.webp 231w, https:\/\/haircenterofturkey.com\/wp-content\/uploads\/2026\/01\/hotel-790x1024.webp 790w, https:\/\/haircenterofturkey.com\/wp-content\/uploads\/2026\/01\/hotel-768x996.webp 768w, https:\/\/haircenterofturkey.com\/wp-content\/uploads\/2026\/01\/hotel-116x150.webp 116w\" sizes=\"auto, (max-width: 1080px) 100vw, 1080px\" \/><\/div>\n<h2>\nUnsere Dienstleistungen<\/h2>\n<p>Unser Unternehmen ist darauf spezialisiert, unseren G\u00e4sten luxuri\u00f6se 5-Sterne-Unterk\u00fcnfte zu bieten. Unsere G\u00e4stezimmer sind ger\u00e4umig und elegant eingerichtet und verf\u00fcgen \u00fcber hochwertige Annehmlichkeiten wie bequeme Betten und Flachbildfernseher.<\/p>\n<p>Dar\u00fcber hinaus bietet die Anlage verschiedene Einrichtungen wie Restaurants, ein Fitnesscenter und ein Spa. Unser Concierge-Team hilft Ihnen gerne bei der Planung Ihres Aufenthalts und der Buchung von lokalen Veranstaltungen. Buchen Sie bei uns und genie\u00dfen Sie den Komfort und Luxus unserer Unterkunft.<\/p>\n\n\t\t<style type=\"text\/css\">\n\t\t\t#gallery-1 {\n\t\t\t\tmargin: auto;\n\t\t\t}\n\t\t\t#gallery-1 .gallery-item {\n\t\t\t\tfloat: left;\n\t\t\t\tmargin-top: 10px;\n\t\t\t\ttext-align: center;\n\t\t\t\twidth: 50%;\n\t\t\t}\n\t\t\t#gallery-1 img {\n\t\t\t\tborder: 2px solid #cfcfcf;\n\t\t\t}\n\t\t\t#gallery-1 .gallery-caption {\n\t\t\t\tmargin-left: 0;\n\t\t\t}\n\t\t\t\/* see gallery_shortcode() in wp-includes\/media.php *\/\n\t\t<\/style>\n\t\t<div id='gallery-1' class='gallery galleryid-19164 gallery-columns-2 gallery-size-large'><dl class='gallery-item'>\n\t\t\t<dt class='gallery-icon landscape'>\n\t\t\t\t<a href='https:\/\/haircenterofturkey.com\/de\/hotel-unterkunft\/hotel-loby-2\/'><img loading=\"lazy\" decoding=\"async\" width=\"1024\" height=\"1024\" src=\"https:\/\/haircenterofturkey.com\/wp-content\/uploads\/2026\/01\/hotel-loby-1024x1024.webp\" class=\"attachment-large size-large\" alt=\"\" srcset=\"https:\/\/haircenterofturkey.com\/wp-content\/uploads\/2026\/01\/hotel-loby-1024x1024.webp 1024w, https:\/\/haircenterofturkey.com\/wp-content\/uploads\/2026\/01\/hotel-loby-300x300.webp 300w, https:\/\/haircenterofturkey.com\/wp-content\/uploads\/2026\/01\/hotel-loby-150x150.webp 150w, https:\/\/haircenterofturkey.com\/wp-content\/uploads\/2026\/01\/hotel-loby-768x768.webp 768w, https:\/\/haircenterofturkey.com\/wp-content\/uploads\/2026\/01\/hotel-loby-600x600.webp 600w, https:\/\/haircenterofturkey.com\/wp-content\/uploads\/2026\/01\/hotel-loby-248x248.webp 248w, https:\/\/haircenterofturkey.com\/wp-content\/uploads\/2026\/01\/hotel-loby.webp 1080w\" sizes=\"auto, (max-width: 1024px) 100vw, 1024px\" title=\"\"><\/a>\n\t\t\t<\/dt><\/dl><dl class='gallery-item'>\n\t\t\t<dt class='gallery-icon landscape'>\n\t\t\t\t<a href='https:\/\/haircenterofturkey.com\/de\/hotel-unterkunft\/hotel-room-2\/'><img loading=\"lazy\" decoding=\"async\" width=\"1024\" height=\"1024\" src=\"https:\/\/haircenterofturkey.com\/wp-content\/uploads\/2026\/01\/hotel-room-1024x1024.webp\" class=\"attachment-large size-large\" alt=\"\" srcset=\"https:\/\/haircenterofturkey.com\/wp-content\/uploads\/2026\/01\/hotel-room-1024x1024.webp 1024w, https:\/\/haircenterofturkey.com\/wp-content\/uploads\/2026\/01\/hotel-room-300x300.webp 300w, https:\/\/haircenterofturkey.com\/wp-content\/uploads\/2026\/01\/hotel-room-150x150.webp 150w, https:\/\/haircenterofturkey.com\/wp-content\/uploads\/2026\/01\/hotel-room-768x768.webp 768w, https:\/\/haircenterofturkey.com\/wp-content\/uploads\/2026\/01\/hotel-room-600x600.webp 600w, https:\/\/haircenterofturkey.com\/wp-content\/uploads\/2026\/01\/hotel-room-248x248.webp 248w, https:\/\/haircenterofturkey.com\/wp-content\/uploads\/2026\/01\/hotel-room.webp 1080w\" sizes=\"auto, (max-width: 1024px) 100vw, 1024px\" title=\"\"><\/a>\n\t\t\t<\/dt><\/dl><br style=\"clear: both\" \/>\n\t\t<\/div>\n\n<\/div>\n<\/div>\n<\/div>\n<\/div>\n<\/div>\n<\/div>\n<\/div>\n<\/section>\n<\/div>\n","protected":false},"excerpt":{"rendered":"<p>Hotel &amp; Unterkunft Unser Unternehmen ist darauf spezialisiert, unseren G\u00e4sten luxuri\u00f6se 5-Sterne-Unterk\u00fcnfte zu bieten. Unsere Dienstleistungen Unser Unternehmen ist darauf spezialisiert, unseren G\u00e4sten luxuri\u00f6se 5-Sterne-Unterk\u00fcnfte zu bieten. Unsere G\u00e4stezimmer sind ger\u00e4umig und elegant eingerichtet und verf\u00fcgen \u00fcber hochwertige Annehmlichkeiten wie bequeme Betten und Flachbildfernseher. Dar\u00fcber hinaus bietet die Anlage verschiedene Einrichtungen wie Restaurants, ein Fitnesscenter [&hellip;]<\/p>\n","protected":false},"author":3,"featured_media":0,"parent":0,"menu_order":0,"comment_status":"closed","ping_status":"closed","template":"","meta":{"footnotes":""},"class_list":["post-19164","page","type-page","status-publish","hentry"],"_links":{"self":[{"href":"https:\/\/haircenterofturkey.com\/de\/wp-json\/wp\/v2\/pages\/19164","targetHints":{"allow":["GET"]}}],"collection":[{"href":"https:\/\/haircenterofturkey.com\/de\/wp-json\/wp\/v2\/pages"}],"about":[{"href":"https:\/\/haircenterofturkey.com\/de\/wp-json\/wp\/v2\/types\/page"}],"author":[{"embeddable":true,"href":"https:\/\/haircenterofturkey.com\/de\/wp-json\/wp\/v2\/users\/3"}],"replies":[{"embeddable":true,"href":"https:\/\/haircenterofturkey.com\/de\/wp-json\/wp\/v2\/comments?post=19164"}],"version-history":[{"count":1,"href":"https:\/\/haircenterofturkey.com\/de\/wp-json\/wp\/v2\/pages\/19164\/revisions"}],"predecessor-version":[{"id":21216,"href":"https:\/\/haircenterofturkey.com\/de\/wp-json\/wp\/v2\/pages\/19164\/revisions\/21216"}],"wp:attachment":[{"href":"https:\/\/haircenterofturkey.com\/de\/wp-json\/wp\/v2\/media?parent=19164"}],"curies":[{"name":"wp","href":"https:\/\/api.w.org\/{rel}","templated":true}]}}